{"id":14,"date":"2022-08-17T06:32:23","date_gmt":"2022-08-17T04:32:23","guid":{"rendered":"http:\/\/drbis.pl\/?page_id=14"},"modified":"2022-08-17T13:37:45","modified_gmt":"2022-08-17T11:37:45","slug":"kontakt","status":"publish","type":"page","link":"https:\/\/drbis.pl\/?page_id=14","title":{"rendered":"Kontakt"},"content":{"rendered":"\n<div class=\"wp-block-cover alignfull okladka_small\" style=\"min-height:79px;aspect-ratio:unset;\"><span aria-hidden=\"true\" class=\"wp-block-cover__background has-background-dim-0 has-background-dim\"><\/span><img loading=\"lazy\" decoding=\"async\" width=\"1600\" height=\"114\" sizes=\"auto, (max-width: 799px) 200vw,(max-width: 1600px) 100vw,1600px\" class=\"wp-block-cover__image-background wp-image-118\" alt=\"\" src=\"http:\/\/drbis.pl\/wp-content\/uploads\/2022\/08\/baner-naglowek.jpg\" style=\"object-position:52% 36%\" data-object-fit=\"cover\" data-object-position=\"52% 36%\" srcset=\"https:\/\/drbis.pl\/wp-content\/uploads\/2022\/08\/baner-naglowek.jpg 1600w, https:\/\/drbis.pl\/wp-content\/uploads\/2022\/08\/baner-naglowek-300x21.jpg 300w, https:\/\/drbis.pl\/wp-content\/uploads\/2022\/08\/baner-naglowek-1024x73.jpg 1024w, https:\/\/drbis.pl\/wp-content\/uploads\/2022\/08\/baner-naglowek-768x55.jpg 768w, https:\/\/drbis.pl\/wp-content\/uploads\/2022\/08\/baner-naglowek-1536x109.jpg 1536w\" \/><div class=\"wp-block-cover__inner-container is-layout-flow wp-block-cover-is-layout-flow\">\n<h1 class=\"has-text-align-center okladka_small has-xx-large-font-size wp-block-heading\" style=\"font-style:normal;font-weight:600\"><em>Kontakt<\/em><\/h1>\n<\/div><\/div>\n\n\n\n<div class=\"wp-block-group alignwide is-layout-flow wp-container-core-group-is-layout-64d45731 wp-block-group-is-layout-flow\" style=\"padding-top:80px;padding-bottom:80px\">\n<h2 class=\"has-text-align-center wp-block-heading\">Zle\u0107 t\u0142umaczenie lub napisanie pism<\/h2>\n\n\n\n<p class=\"has-text-align-center\">W celu z\u0142o\u017cenia zlecenia lub uzyskania informacji uprzejmie prosz\u0119 o kontakt:<\/p>\n\n\n\n<p class=\"has-text-align-center\"><strong>Biuro Pisania Pism i T\u0142umacze\u0144<br>Dr n. ekon. Jan Rafa\u0142 Bis<br>ul. Unis\u0142awy 13 B\/13, PL 71-402 Szczecin<\/strong><\/p>\n\n\n\n<div class=\"wp-block-columns is-layout-flex wp-container-core-columns-is-layout-28f84493 wp-block-columns-is-layout-flex\">\n<div class=\"wp-block-column is-vertically-aligned-center has-background-background-color has-background is-layout-flow wp-block-column-is-layout-flow\">\n<p class=\"has-text-align-center has-black-color has-secondary-background-color has-text-color has-background\"><strong>+48 91 828 17 32<\/strong><\/p>\n\n\n\n<p class=\"has-text-align-center\">pod numerem telefonu<br>stacjonarnego<\/p>\n<\/div>\n\n\n\n<div class=\"wp-block-column has-background-background-color has-background is-layout-flow wp-block-column-is-layout-flow\">\n<p class=\"has-text-align-center has-black-color has-secondary-background-color has-text-color has-background\"><strong>+48 601 737 415<\/strong><\/p>\n\n\n\n<p class=\"has-text-align-center\">pod numerem telefonu<br>kom\u00f3rkowego<\/p>\n<\/div>\n\n\n\n<div class=\"wp-block-column has-background-background-color has-background is-layout-flow wp-block-column-is-layout-flow\">\n<p class=\"has-text-align-center has-black-color has-secondary-background-color has-text-color has-background\"><strong>jrb@drbis.pl<\/strong><\/p>\n\n\n\n<p class=\"has-text-align-center\">poczt\u0105 elektroniczn\u0105<br>e-mail<\/p>\n<\/div>\n<\/div>\n\n\n\n<p class=\"has-text-align-center\"><strong>Wa\u017cne informacje:<br>Biuro nie jest czynne w okre\u015blonych godzinach.<br>Osobista wizyta w moim biurze jest mo\u017cliwa po uprzednim telefonicznym uzgodnieniu<br>terminu w godzinach od 8.00 do 18.00.<br>Istnieje mo\u017cliwo\u015b\u0107 zaparkowania samochodu na bezp\u0142atnym parkingu.<\/strong><\/p>\n<\/div>\n\n\n\n<div class=\"wp-block-columns alignwide is-layout-flex wp-container-core-columns-is-layout-28f84493 wp-block-columns-is-layout-flex\">\n<div class=\"wp-block-column has-tertiary-background-color has-background is-layout-constrained wp-container-core-column-is-layout-3c081fac wp-block-column-is-layout-constrained\" style=\"--col-width:100%;padding-top:60px;flex-basis:100%\">\n<h3 class=\"has-text-align-center wp-block-heading\">Wy\u015blij wiadomo\u015b\u0107 przez formularz<\/h3>\n\n\n\n<div class=\"wp-block-group has-tertiary-background-color has-background is-horizontal is-content-justification-center is-nowrap is-layout-flex wp-container-core-group-is-layout-2256e7f1 wp-block-group-is-layout-flex\">\t\t\t\t<div class = \"wp-block-uagb-cf7-styler uagb-cf7-styler__outer-wrap uagb-block-6246f443   \">\n\t\t\t\t\t<div class = \"uagb-cf7-styler__align-left uagb-cf7-styler__field-style-box uagb-cf7-styler__btn-align-center uagb-cf7-styler__btn-align-tablet- uagb-cf7-styler__btn-align-mobile- uagb-cf7-styler__highlight-style-default uagb-cf7-styler__check-style-enabled\">\n\t\t\t\t\t\n<div class=\"wpcf7 no-js\" id=\"wpcf7-f66-o1\" lang=\"pl-PL\" dir=\"ltr\">\n<div class=\"screen-reader-response\"><p role=\"status\" aria-live=\"polite\" aria-atomic=\"true\"><\/p> <ul><\/ul><\/div>\n<form action=\"\/index.php?rest_route=%2Fwp%2Fv2%2Fpages%2F14#wpcf7-f66-o1\" method=\"post\" class=\"wpcf7-form init\" aria-label=\"Formularz kontaktowy\" novalidate=\"novalidate\" data-status=\"init\">\n<div style=\"display: none;\">\n<input type=\"hidden\" name=\"_wpcf7\" value=\"66\" \/>\n<input type=\"hidden\" name=\"_wpcf7_version\" value=\"5.8.1\" \/>\n<input type=\"hidden\" name=\"_wpcf7_locale\" value=\"pl_PL\" \/>\n<input type=\"hidden\" name=\"_wpcf7_unit_tag\" value=\"wpcf7-f66-o1\" \/>\n<input type=\"hidden\" name=\"_wpcf7_container_post\" value=\"0\" \/>\n<input type=\"hidden\" name=\"_wpcf7_posted_data_hash\" value=\"\" \/>\n<\/div>\n<div class=\"clearfix\">\n\t<div id=\"left\">\n\t\t<p><span class=\"wpcf7-form-control-wrap\" data-name=\"your-name\"><input size=\"40\" class=\"wpcf7-form-control wpcf7-text\" aria-invalid=\"false\" placeholder=\"Imi\u0119 i nazwisko\" value=\"\" type=\"text\" name=\"your-name\" \/><\/span>\n\t\t<\/p>\n\t\t<p><span class=\"wpcf7-form-control-wrap\" data-name=\"your-email\"><input size=\"40\" class=\"wpcf7-form-control wpcf7-email wpcf7-validates-as-required wpcf7-text wpcf7-validates-as-email\" aria-required=\"true\" aria-invalid=\"false\" placeholder=\"E-mail lub numer telefonu\" value=\"\" type=\"email\" name=\"your-email\" \/><\/span>\n\t\t<\/p>\n\t<\/div>\n\t<div id=\"right\">\n\t\t<p><span class=\"wpcf7-form-control-wrap\" data-name=\"your-message\"><textarea cols=\"40\" rows=\"10\" class=\"wpcf7-form-control wpcf7-textarea\" aria-invalid=\"false\" placeholder=\"Wiadomo\u015b\u0107\" name=\"your-message\"><\/textarea><\/span>\n\t\t<\/p>\n\t<\/div>\n<\/div>\n<div class=\"button_contact_form\">\n\t<p><input class=\"wpcf7-form-control wpcf7-submit has-spinner\" type=\"submit\" value=\"WY\u015aLIJ WIADOMO\u015a\u0106\" \/>\n\t<\/p>\n<\/div><div class=\"wpcf7-response-output\" aria-hidden=\"true\"><\/div>\n<\/form>\n<\/div>\n\t\t\t\t\t<\/div>\n\t\t\t\t<\/div>\n\t\t\t\t<\/div>\n<\/div>\n<\/div>\n\n\n\n<div style=\"height:60px\" aria-hidden=\"true\" class=\"wp-block-spacer\"><\/div>\n","protected":false},"excerpt":{"rendered":"<p>Zle\u0107 t\u0142umaczenie lub napisanie pism W celu z\u0142o\u017cenia zlecenia lub uzyskania informacji uprzejmie prosz\u0119 o kontakt: Biuro Pisania Pism i T\u0142umacze\u0144Dr n. ekon. Jan Rafa\u0142 Bisul. Unis\u0142awy 13 B\/13, PL 71-402 Szczecin +48 91 828 17 32 pod numerem telefonustacjonarnego +48 601 737 415 pod numerem telefonukom\u00f3rkowego jrb@drbis.pl poczt\u0105 elektroniczn\u0105e-mail Wa\u017cne informacje:Biuro nie jest czynne [&hellip;]<\/p>\n","protected":false},"author":1,"featured_media":0,"parent":0,"menu_order":0,"comment_status":"closed","ping_status":"closed","template":"wp-custom-template-szablon-1","meta":{"inline_featured_image":false,"_uag_custom_page_level_css":"","footnotes":""},"class_list":["post-14","page","type-page","status-publish","hentry"],"uagb_featured_image_src":{"full":false,"thumbnail":false,"medium":false,"medium_large":false,"large":false,"1536x1536":false,"2048x2048":false},"uagb_author_info":{"display_name":"admin","author_link":"https:\/\/drbis.pl\/?author=1"},"uagb_comment_info":0,"uagb_excerpt":"Zle\u0107 t\u0142umaczenie lub napisanie pism W celu z\u0142o\u017cenia zlecenia lub uzyskania informacji uprzejmie prosz\u0119 o kontakt: Biuro Pisania Pism i T\u0142umacze\u0144Dr n. ekon. Jan Rafa\u0142 Bisul. Unis\u0142awy 13 B\/13, PL 71-402 Szczecin +48 91 828 17 32 pod numerem telefonustacjonarnego +48 601 737 415 pod numerem telefonukom\u00f3rkowego jrb@drbis.pl poczt\u0105 elektroniczn\u0105e-mail Wa\u017cne informacje:Biuro nie jest czynne&hellip;","_links":{"self":[{"href":"https:\/\/drbis.pl\/index.php?rest_route=\/wp\/v2\/pages\/14","targetHints":{"allow":["GET"]}}],"collection":[{"href":"https:\/\/drbis.pl\/index.php?rest_route=\/wp\/v2\/pages"}],"about":[{"href":"https:\/\/drbis.pl\/index.php?rest_route=\/wp\/v2\/types\/page"}],"author":[{"embeddable":true,"href":"https:\/\/drbis.pl\/index.php?rest_route=\/wp\/v2\/users\/1"}],"replies":[{"embeddable":true,"href":"https:\/\/drbis.pl\/index.php?rest_route=%2Fwp%2Fv2%2Fcomments&post=14"}],"version-history":[{"count":10,"href":"https:\/\/drbis.pl\/index.php?rest_route=\/wp\/v2\/pages\/14\/revisions"}],"predecessor-version":[{"id":253,"href":"https:\/\/drbis.pl\/index.php?rest_route=\/wp\/v2\/pages\/14\/revisions\/253"}],"wp:attachment":[{"href":"https:\/\/drbis.pl\/index.php?rest_route=%2Fwp%2Fv2%2Fmedia&parent=14"}],"curies":[{"name":"wp","href":"https:\/\/api.w.org\/{rel}","templated":true}]}}