{"id":10,"date":"2022-08-17T06:31:55","date_gmt":"2022-08-17T04:31:55","guid":{"rendered":"http:\/\/drbis.pl\/?page_id=10"},"modified":"2022-08-23T10:17:13","modified_gmt":"2022-08-23T08:17:13","slug":"o-mnie","status":"publish","type":"page","link":"https:\/\/drbis.pl\/?page_id=10","title":{"rendered":"O mnie"},"content":{"rendered":"\n<div class=\"wp-block-cover alignfull is-light okladka_small\" style=\"min-height:79px;aspect-ratio:unset;\"><span aria-hidden=\"true\" class=\"wp-block-cover__background has-background-dim-0 has-background-dim\"><\/span><img loading=\"lazy\" decoding=\"async\" width=\"1600\" height=\"114\" sizes=\"auto, (max-width: 799px) 200vw,(max-width: 1600px) 100vw,1600px\" class=\"wp-block-cover__image-background wp-image-118\" alt=\"\" src=\"http:\/\/drbis.pl\/wp-content\/uploads\/2022\/08\/baner-naglowek.jpg\" style=\"object-position:52% 36%\" data-object-fit=\"cover\" data-object-position=\"52% 36%\" srcset=\"https:\/\/drbis.pl\/wp-content\/uploads\/2022\/08\/baner-naglowek.jpg 1600w, https:\/\/drbis.pl\/wp-content\/uploads\/2022\/08\/baner-naglowek-300x21.jpg 300w, https:\/\/drbis.pl\/wp-content\/uploads\/2022\/08\/baner-naglowek-1024x73.jpg 1024w, https:\/\/drbis.pl\/wp-content\/uploads\/2022\/08\/baner-naglowek-768x55.jpg 768w, https:\/\/drbis.pl\/wp-content\/uploads\/2022\/08\/baner-naglowek-1536x109.jpg 1536w\" \/><div class=\"wp-block-cover__inner-container is-layout-flow wp-block-cover-is-layout-flow\">\n<h1 class=\"has-text-align-center okladka_small has-background-color has-text-color has-xx-large-font-size wp-block-heading\" style=\"font-style:normal;font-weight:600\"><em>O mnie<\/em><\/h1>\n<\/div><\/div>\n\n\n\n<div class=\"wp-block-group alignwide is-layout-flow wp-block-group-is-layout-flow\">\n<h2 class=\"has-text-align-center wp-block-heading\">Kim jestem<\/h2>\n\n\n\n<div class=\"wp-block-columns alignwide is-layout-flex wp-container-core-columns-is-layout-28f84493 wp-block-columns-is-layout-flex\">\n<div class=\"wp-block-column has-background-background-color has-background is-layout-flow wp-block-column-is-layout-flow\">\n<p>Jestem emerytowanym nauczycielem akademickim. Uko\u0144czy\u0142em studia doktoranckie w dziedzinie ekonomii w j\u0119zyku niemieckim w Hochschule fuer Verkehrswesen Dresden.<\/p>\n\n\n\n<p>W pracy zawodowej, poza dzia\u0142alno\u015bci\u0105 naukowo \u2013 dydaktyczn\u0105,<br>interesowa\u0142a mnie zawsze gospodarka, zjawiska i procesy w niej<br>zachodz\u0105ce. Wyrazem tego jest fakt, \u017ce w \u017cyciu zawodowym nie by\u0142em nigdy tylko biernym obserwatorem zdarze\u0144 gospodarczych, ale zawsze aktywnie w nich uczestniczy\u0142em.<\/p>\n\n\n\n<p><br>Posiadam wieloletnie do\u015bwiadczenie zawodowe. Moje do\u015bwiadczenie zawodowe nie sprowadza si\u0119 jedynie do pracy naukowo \u2013 dydaktycznej w uczelniach, ale tak\u017ce dzia\u0142alno\u015bci praktycznej.<\/p>\n<\/div>\n\n\n\n<div class=\"wp-block-column has-background-background-color has-background is-layout-flow wp-block-column-is-layout-flow\">\n<p>W latach 1992 \u2013 2008 (od 06.2008 roku \u2013 niezale\u017cny konsultant) poza prac\u0105 naukowo-dydaktyczn\u0105 prowadzi\u0142em dzia\u0142alno\u015b\u0107 gospodarcz\u0105 na w\u0142asny rachunek w zakresie us\u0142ug doradczych dla ma\u0142ych i \u015brednich<br>przedsi\u0119biorstw.<\/p>\n\n\n\n<p>Obecnie oferuj\u0119 swoje us\u0142ugi w zakresie pisania pism oraz t\u0142umacze\u0144 z j\u0119zyka niemieckiego na j\u0119zyk polski jak te\u017c z polskiego na niemiecki. Nie realizuj\u0119 t\u0142umacze\u0144 przysi\u0119g\u0142ych ani nie sporz\u0105dzam pism z zakresu prawa.<\/p>\n\n\n\n<p><br>Ofert\u0119 swoj\u0105 adresuj\u0119 do r\u00f3\u017cnych grup spo\u0142ecznych i firm.<br>Us\u0142ugi swoje oferuj\u0119 w ramach dzia\u0142alno\u015bci nierejestrowanej b\u0105d\u017a umowy zlecenia. Na \u017cyczenie Klienta wystawiam rachunek.<\/p>\n<\/div>\n<\/div>\n<\/div>\n\n\n\n<div class=\"wp-block-group alignwide is-layout-flow wp-block-group-is-layout-flow\">\n<h2 class=\"has-text-align-center wp-block-heading\">Do\u015bwiadczenie<\/h2>\n\n\n\n<div class=\"wp-block-columns alignwide is-layout-flex wp-container-core-columns-is-layout-28f84493 wp-block-columns-is-layout-flex\">\n<div class=\"wp-block-column has-background-background-color has-background is-layout-flow wp-block-column-is-layout-flow\">\n<p>Od dw\u00f3ch lat realizuj\u0119 zlecenia z zakresu zwyk\u0142ych t\u0142umacze\u0144 z j\u0119zyka niemieckiego na j\u0119zyk polski jak te\u017c z polskiego na niemiecki. Przede wszystkim dla os\u00f3b fizycznych powi\u0105zanych gospodarczo b\u0105d\u017a sprawami prywatnymi ze stref\u0105 niemieckoj\u0119zyczn\u0105, gwarantuj\u0105c przy tym ca\u0142kowit\u0105 dyskrecj\u0119.<\/p>\n<\/div>\n\n\n\n<div class=\"wp-block-column has-background-background-color has-background is-layout-flow wp-block-column-is-layout-flow\">\n<p>Realizowa\u0142em w ostatnich latach takie t\u0142umaczenia jak umowy o prac\u0119, akty notarialne, akty urodzenia, ma\u0142\u017ce\u0144stwa, r\u00f3\u017cnego rodzaju<br>za\u015bwiadczenia i \u015bwiadectwa. T\u0142umaczy\u0142em jak te\u017c sporz\u0105dza\u0142em pisma do niemieckich instytucji i urz\u0119d\u00f3w. \u015awiadczy\u0142em te us\u0142ugi dla os\u00f3b, kt\u00f3re nie musia\u0142y korzysta\u0107 z us\u0142ug t\u0142umacza przysi\u0119g\u0142ego.<\/p>\n<\/div>\n<\/div>\n<\/div>\n\n\n\n<p class=\"has-text-align-center\">Zapraszam do wsp\u00f3\u0142pracy<\/p>\n\n\n\n<h3 class=\"has-text-align-center wp-block-heading\"><em>Dr n. ekon. <strong>Jan Rafa\u0142 Bis<\/strong><\/em><\/h3>\n\n\n\n<div class=\"wp-block-cover alignfull is-light\" style=\"min-height:263px;aspect-ratio:unset;\"><span aria-hidden=\"true\" class=\"wp-block-cover__background has-background-dim-0 has-background-dim\"><\/span><img loading=\"lazy\" decoding=\"async\" width=\"1600\" height=\"293\" sizes=\"auto, (max-width: 799px) 200vw,(max-width: 1600px) 100vw,1600px\" class=\"wp-block-cover__image-background wp-image-143\" alt=\"\" src=\"http:\/\/drbis.pl\/wp-content\/uploads\/2022\/08\/baner-pisanie.jpg\" data-object-fit=\"cover\" srcset=\"https:\/\/drbis.pl\/wp-content\/uploads\/2022\/08\/baner-pisanie.jpg 1600w, https:\/\/drbis.pl\/wp-content\/uploads\/2022\/08\/baner-pisanie-300x55.jpg 300w, https:\/\/drbis.pl\/wp-content\/uploads\/2022\/08\/baner-pisanie-1024x188.jpg 1024w, https:\/\/drbis.pl\/wp-content\/uploads\/2022\/08\/baner-pisanie-768x141.jpg 768w, https:\/\/drbis.pl\/wp-content\/uploads\/2022\/08\/baner-pisanie-1536x281.jpg 1536w\" \/><div class=\"wp-block-cover__inner-container is-layout-flow wp-block-cover-is-layout-flow\">\n<p class=\"has-text-align-center has-large-font-size\"><\/p>\n<\/div><\/div>\n\n\n\n<h2 class=\"has-text-align-center wp-block-heading\">Zle\u0107 t\u0142umaczenie lub napisanie pism<\/h2>\n\n\n\n<p class=\"has-text-align-center\">W celu z\u0142o\u017cenia zlecenia lub uzyskania informacji uprzejmie prosz\u0119 o kontakt:<\/p>\n\n\n\n<p class=\"has-text-align-center\"><strong>Biuro Pisania Pism i T\u0142umacze\u0144<br>Dr n. ekon. Jan Rafa\u0142 Bis<br>ul. Unis\u0142awy 13 B\/13, PL 71-402 Szczecin<\/strong><\/p>\n\n\n\n<div class=\"wp-block-columns alignwide is-layout-flex wp-container-core-columns-is-layout-28f84493 wp-block-columns-is-layout-flex\">\n<div class=\"wp-block-column is-vertically-aligned-center has-background-background-color has-background is-layout-flow wp-block-column-is-layout-flow\">\n<p class=\"has-text-align-center has-black-color has-secondary-background-color has-text-color has-background\"><strong>+48 91 828 17 32<\/strong><\/p>\n\n\n\n<p class=\"has-text-align-center\">pod numerem telefonu<br>stacjonarnego<\/p>\n<\/div>\n\n\n\n<div class=\"wp-block-column has-background-background-color has-background is-layout-flow wp-block-column-is-layout-flow\">\n<p class=\"has-text-align-center has-black-color has-secondary-background-color has-text-color has-background\"><strong>+48 601 737 415<\/strong><\/p>\n\n\n\n<p class=\"has-text-align-center\">pod numerem telefonu<br>kom\u00f3rkowego<\/p>\n<\/div>\n\n\n\n<div class=\"wp-block-column has-background-background-color has-background is-layout-flow wp-block-column-is-layout-flow\">\n<p class=\"has-text-align-center has-black-color has-secondary-background-color has-text-color has-background\"><strong>jrb@drbis.pl<\/strong><\/p>\n\n\n\n<p class=\"has-text-align-center\">poczt\u0105 elektroniczn\u0105<br>e-mail<\/p>\n<\/div>\n<\/div>\n\n\n\n<div class=\"wp-block-columns alignwide is-layout-flex wp-container-core-columns-is-layout-28f84493 wp-block-columns-is-layout-flex\">\n<div class=\"wp-block-column has-tertiary-background-color has-background is-layout-constrained wp-container-core-column-is-layout-3c081fac wp-block-column-is-layout-constrained\" style=\"--col-width:100%;padding-top:60px;flex-basis:100%\">\n<h3 class=\"has-text-align-center wp-block-heading\">Wy\u015blij wiadomo\u015b\u0107 przez formularz<\/h3>\n\n\n\n<div class=\"wp-block-group has-tertiary-background-color has-background is-horizontal is-content-justification-center is-nowrap is-layout-flex wp-container-core-group-is-layout-2256e7f1 wp-block-group-is-layout-flex\">\t\t\t\t<div class = \"wp-block-uagb-cf7-styler uagb-cf7-styler__outer-wrap uagb-block-6246f443   \">\n\t\t\t\t\t<div class = \"uagb-cf7-styler__align-left uagb-cf7-styler__field-style-box uagb-cf7-styler__btn-align-center uagb-cf7-styler__btn-align-tablet- uagb-cf7-styler__btn-align-mobile- uagb-cf7-styler__highlight-style-default uagb-cf7-styler__check-style-enabled\">\n\t\t\t\t\t\n<div class=\"wpcf7 no-js\" id=\"wpcf7-f66-o1\" lang=\"pl-PL\" dir=\"ltr\">\n<div class=\"screen-reader-response\"><p role=\"status\" aria-live=\"polite\" aria-atomic=\"true\"><\/p> <ul><\/ul><\/div>\n<form action=\"\/index.php?rest_route=%2Fwp%2Fv2%2Fpages%2F10#wpcf7-f66-o1\" method=\"post\" class=\"wpcf7-form init\" aria-label=\"Formularz kontaktowy\" novalidate=\"novalidate\" data-status=\"init\">\n<div style=\"display: none;\">\n<input type=\"hidden\" name=\"_wpcf7\" value=\"66\" \/>\n<input type=\"hidden\" name=\"_wpcf7_version\" value=\"5.8.1\" \/>\n<input type=\"hidden\" name=\"_wpcf7_locale\" value=\"pl_PL\" \/>\n<input type=\"hidden\" name=\"_wpcf7_unit_tag\" value=\"wpcf7-f66-o1\" \/>\n<input type=\"hidden\" name=\"_wpcf7_container_post\" value=\"0\" \/>\n<input type=\"hidden\" name=\"_wpcf7_posted_data_hash\" value=\"\" \/>\n<\/div>\n<div class=\"clearfix\">\n\t<div id=\"left\">\n\t\t<p><span class=\"wpcf7-form-control-wrap\" data-name=\"your-name\"><input size=\"40\" class=\"wpcf7-form-control wpcf7-text\" aria-invalid=\"false\" placeholder=\"Imi\u0119 i nazwisko\" value=\"\" type=\"text\" name=\"your-name\" \/><\/span>\n\t\t<\/p>\n\t\t<p><span class=\"wpcf7-form-control-wrap\" data-name=\"your-email\"><input size=\"40\" class=\"wpcf7-form-control wpcf7-email wpcf7-validates-as-required wpcf7-text wpcf7-validates-as-email\" aria-required=\"true\" aria-invalid=\"false\" placeholder=\"E-mail lub numer telefonu\" value=\"\" type=\"email\" name=\"your-email\" \/><\/span>\n\t\t<\/p>\n\t<\/div>\n\t<div id=\"right\">\n\t\t<p><span class=\"wpcf7-form-control-wrap\" data-name=\"your-message\"><textarea cols=\"40\" rows=\"10\" class=\"wpcf7-form-control wpcf7-textarea\" aria-invalid=\"false\" placeholder=\"Wiadomo\u015b\u0107\" name=\"your-message\"><\/textarea><\/span>\n\t\t<\/p>\n\t<\/div>\n<\/div>\n<div class=\"button_contact_form\">\n\t<p><input class=\"wpcf7-form-control wpcf7-submit has-spinner\" type=\"submit\" value=\"WY\u015aLIJ WIADOMO\u015a\u0106\" \/>\n\t<\/p>\n<\/div><div class=\"wpcf7-response-output\" aria-hidden=\"true\"><\/div>\n<\/form>\n<\/div>\n\t\t\t\t\t<\/div>\n\t\t\t\t<\/div>\n\t\t\t\t<\/div>\n<\/div>\n<\/div>\n\n\n\n<div style=\"height:60px\" aria-hidden=\"true\" class=\"wp-block-spacer\"><\/div>\n\n\n\n<div style=\"height:60px\" aria-hidden=\"true\" class=\"wp-block-spacer\"><\/div>\n","protected":false},"excerpt":{"rendered":"<p>Kim jestem Jestem emerytowanym nauczycielem akademickim. Uko\u0144czy\u0142em studia doktoranckie w dziedzinie ekonomii w j\u0119zyku niemieckim w Hochschule fuer Verkehrswesen Dresden. W pracy zawodowej, poza dzia\u0142alno\u015bci\u0105 naukowo \u2013 dydaktyczn\u0105,interesowa\u0142a mnie zawsze gospodarka, zjawiska i procesy w niejzachodz\u0105ce. Wyrazem tego jest fakt, \u017ce w \u017cyciu zawodowym nie by\u0142em nigdy tylko biernym obserwatorem zdarze\u0144 gospodarczych, ale zawsze aktywnie [&hellip;]<\/p>\n","protected":false},"author":1,"featured_media":0,"parent":0,"menu_order":0,"comment_status":"closed","ping_status":"closed","template":"wp-custom-template-szablon-1","meta":{"inline_featured_image":false,"_uag_custom_page_level_css":"","footnotes":""},"class_list":["post-10","page","type-page","status-publish","hentry"],"uagb_featured_image_src":{"full":false,"thumbnail":false,"medium":false,"medium_large":false,"large":false,"1536x1536":false,"2048x2048":false},"uagb_author_info":{"display_name":"admin","author_link":"https:\/\/drbis.pl\/?author=1"},"uagb_comment_info":0,"uagb_excerpt":"Kim jestem Jestem emerytowanym nauczycielem akademickim. Uko\u0144czy\u0142em studia doktoranckie w dziedzinie ekonomii w j\u0119zyku niemieckim w Hochschule fuer Verkehrswesen Dresden. W pracy zawodowej, poza dzia\u0142alno\u015bci\u0105 naukowo \u2013 dydaktyczn\u0105,interesowa\u0142a mnie zawsze gospodarka, zjawiska i procesy w niejzachodz\u0105ce. Wyrazem tego jest fakt, \u017ce w \u017cyciu zawodowym nie by\u0142em nigdy tylko biernym obserwatorem zdarze\u0144 gospodarczych, ale zawsze aktywnie&hellip;","_links":{"self":[{"href":"https:\/\/drbis.pl\/index.php?rest_route=\/wp\/v2\/pages\/10","targetHints":{"allow":["GET"]}}],"collection":[{"href":"https:\/\/drbis.pl\/index.php?rest_route=\/wp\/v2\/pages"}],"about":[{"href":"https:\/\/drbis.pl\/index.php?rest_route=\/wp\/v2\/types\/page"}],"author":[{"embeddable":true,"href":"https:\/\/drbis.pl\/index.php?rest_route=\/wp\/v2\/users\/1"}],"replies":[{"embeddable":true,"href":"https:\/\/drbis.pl\/index.php?rest_route=%2Fwp%2Fv2%2Fcomments&post=10"}],"version-history":[{"count":21,"href":"https:\/\/drbis.pl\/index.php?rest_route=\/wp\/v2\/pages\/10\/revisions"}],"predecessor-version":[{"id":342,"href":"https:\/\/drbis.pl\/index.php?rest_route=\/wp\/v2\/pages\/10\/revisions\/342"}],"wp:attachment":[{"href":"https:\/\/drbis.pl\/index.php?rest_route=%2Fwp%2Fv2%2Fmedia&parent=10"}],"curies":[{"name":"wp","href":"https:\/\/api.w.org\/{rel}","templated":true}]}}